{"id":2,"date":"2020-06-17T21:15:20","date_gmt":"2020-06-17T19:15:20","guid":{"rendered":"http:\/\/yinyangdelaforet.fr\/?page_id=2"},"modified":"2025-10-07T17:44:37","modified_gmt":"2025-10-07T15:44:37","slug":"page-d-exemple","status":"publish","type":"page","link":"https:\/\/yinyangdelaforet.fr\/","title":{"rendered":"Accueil"},"content":{"rendered":"\n<h2 class=\"wp-block-heading\">Saison 2025-2026<\/h2>\n\n\n\n<div class=\"wp-block-group is-layout-constrained wp-block-group-is-layout-constrained\"><div class=\"wp-block-group__inner-container\">\n<h4 class=\"wp-block-heading\"><strong>Cours d&rsquo;essai<\/strong> <\/h4>\n\n\n\n<p>Nous contacter : yinyangdelaforet@gmail.com. Tel 07 83 77 66 76<\/p>\n\n\n\n<p><\/p>\n\n\n\n<p><\/p>\n\n\n\n<h2 class=\"wp-block-heading\">Pr\u00e9sentation <\/h2>\n<\/div><\/div>\n\n\n\n<p><strong>Bienvenue sur le site de notre association, Yin Yang de La For\u00eat, 95 Saint Prix<\/strong>.<\/p>\n\n\n\n<div class=\"wp-block-group is-layout-flow wp-block-group-is-layout-flow\"><div class=\"wp-block-group__inner-container\">\n<figure class=\"wp-block-image size-large\"><img decoding=\"async\" loading=\"lazy\" width=\"1024\" height=\"768\" src=\"https:\/\/yinyangdelaforet.fr\/wp-content\/uploads\/2022\/08\/JUIN-2022-Pratique-en-foret-La-grue-blanche-1024x768.jpg\" alt=\"\" class=\"wp-image-884\" srcset=\"https:\/\/yinyangdelaforet.fr\/wp-content\/uploads\/2022\/08\/JUIN-2022-Pratique-en-foret-La-grue-blanche-1024x768.jpg 1024w, https:\/\/yinyangdelaforet.fr\/wp-content\/uploads\/2022\/08\/JUIN-2022-Pratique-en-foret-La-grue-blanche-300x225.jpg 300w, https:\/\/yinyangdelaforet.fr\/wp-content\/uploads\/2022\/08\/JUIN-2022-Pratique-en-foret-La-grue-blanche-768x576.jpg 768w, https:\/\/yinyangdelaforet.fr\/wp-content\/uploads\/2022\/08\/JUIN-2022-Pratique-en-foret-La-grue-blanche-1536x1152.jpg 1536w, https:\/\/yinyangdelaforet.fr\/wp-content\/uploads\/2022\/08\/JUIN-2022-Pratique-en-foret-La-grue-blanche-2048x1536.jpg 2048w, https:\/\/yinyangdelaforet.fr\/wp-content\/uploads\/2022\/08\/JUIN-2022-Pratique-en-foret-La-grue-blanche-1568x1176.jpg 1568w\" sizes=\"(max-width: 1024px) 100vw, 1024px\" \/><figcaption class=\"wp-element-caption\">Juin 2022 pratique informelle en for\u00eat<\/figcaption><\/figure>\n<\/div><\/div>\n\n\n\n<div class=\"wp-block-group is-layout-flow wp-block-group-is-layout-flow\"><div class=\"wp-block-group__inner-container\">\n<div class=\"wp-block-group is-layout-flow wp-block-group-is-layout-flow\"><div class=\"wp-block-group__inner-container\">\n<div class=\"wp-block-group is-layout-flow wp-block-group-is-layout-flow\"><div class=\"wp-block-group__inner-container\">\n<p>Accessible \u00e0 tous, le ta\u00efchi, art martial chinois interne, \u00ab m\u00e9ditation en mouvement\u00bb, favorise la pr\u00e9sence, l&rsquo;\u00e9quilibre et la s\u00e9r\u00e9nit\u00e9.<\/p>\n\n\n\n<p>Sa pratique conjugue d\u00e9tente et tonicit\u00e9, concentration et spontan\u00e9it\u00e9, inspiration et expiration, int\u00e9riorisation et ext\u00e9riorisation, autrement dit \u00abyin-yang\u00bb.<\/p>\n\n\n\n<p>Notre association* s&rsquo;inscrit dans la tradition de l&rsquo;\u00e9cole YANG &#8211; le dernier membre de cette famille \u00e9tant Yang Sau Chung (1909-1985).<\/p>\n\n\n\n<p>L&rsquo;enseignement de cette \u00e9cole comprend  principalement la forme \u00e0 main nue, suite de 108 mouvements, qui se d\u00e9compose en trois parties : la Terre, l&rsquo;Homme et le Ciel. Sont propos\u00e9s aussi : l&rsquo;\u00e9p\u00e9e, le sabre, la pouss\u00e9e des mains, la fighting form&#8230;<\/p>\n\n\n\n<p>*Yin Yang de la For\u00eat est une association loi 1901 (n\u00b0W952013440), affili\u00e9e \u00e0 la FFAEMC (F\u00e9d\u00e9ration Fran\u00e7aise des Arts Energ\u00e9tiques et Martiaux Chinois).<\/p>\n\n\n\n<blockquote class=\"wp-block-quote\">\n<p>Nous esp\u00e9rons que la lecture de notre site te donnera envie de venir pratiquer avec nous.<\/p>\n\n\n\n<p>A tr\u00e8s bient\u00f4t pour partager une s\u00e9ance de Ta\u00efchi.<\/p>\n<cite>Carmel et Maurice. Contact : yinyangdelaforet@gmail.com t\u00e9l : 07 83 77 66 76.<\/cite><\/blockquote>\n<\/div><\/div>\n<\/div><\/div>\n<\/div><\/div>\n\n\n\n<figure class=\"wp-block-image size-large\"><img decoding=\"async\" loading=\"lazy\" width=\"1024\" height=\"768\" src=\"https:\/\/yinyangdelaforet.fr\/wp-content\/uploads\/2023\/08\/20220612-Foret-brosser-1024x768.jpeg\" alt=\"\" class=\"wp-image-988\" srcset=\"https:\/\/yinyangdelaforet.fr\/wp-content\/uploads\/2023\/08\/20220612-Foret-brosser-1024x768.jpeg 1024w, https:\/\/yinyangdelaforet.fr\/wp-content\/uploads\/2023\/08\/20220612-Foret-brosser-300x225.jpeg 300w, https:\/\/yinyangdelaforet.fr\/wp-content\/uploads\/2023\/08\/20220612-Foret-brosser-768x576.jpeg 768w, https:\/\/yinyangdelaforet.fr\/wp-content\/uploads\/2023\/08\/20220612-Foret-brosser-1536x1152.jpeg 1536w, https:\/\/yinyangdelaforet.fr\/wp-content\/uploads\/2023\/08\/20220612-Foret-brosser-1568x1176.jpeg 1568w, https:\/\/yinyangdelaforet.fr\/wp-content\/uploads\/2023\/08\/20220612-Foret-brosser.jpeg 2048w\" sizes=\"(max-width: 1024px) 100vw, 1024px\" \/><\/figure>\n\n\n\n<div style=\"height:28px\" aria-hidden=\"true\" class=\"wp-block-spacer\"><\/div>\n\n\n\n<p>Vid\u00e9o :  pratique en for\u00eat, premi\u00e8re partie de la forme, 22 juin 2025.<\/p>\n\n\n\n<figure class=\"wp-block-image size-large\"><img decoding=\"async\" loading=\"lazy\" width=\"1024\" height=\"473\" src=\"https:\/\/yinyangdelaforet.fr\/wp-content\/uploads\/2025\/09\/IMG_3624-1024x473.png\" alt=\"\" class=\"wp-image-1241\" srcset=\"https:\/\/yinyangdelaforet.fr\/wp-content\/uploads\/2025\/09\/IMG_3624-1024x473.png 1024w, https:\/\/yinyangdelaforet.fr\/wp-content\/uploads\/2025\/09\/IMG_3624-300x139.png 300w, https:\/\/yinyangdelaforet.fr\/wp-content\/uploads\/2025\/09\/IMG_3624-768x355.png 768w, https:\/\/yinyangdelaforet.fr\/wp-content\/uploads\/2025\/09\/IMG_3624-1536x709.png 1536w, https:\/\/yinyangdelaforet.fr\/wp-content\/uploads\/2025\/09\/IMG_3624-2048x946.png 2048w, https:\/\/yinyangdelaforet.fr\/wp-content\/uploads\/2025\/09\/IMG_3624-1568x724.png 1568w\" sizes=\"(max-width: 1024px) 100vw, 1024px\" \/><\/figure>\n\n\n\n<figure class=\"wp-block-video\"><video controls src=\"https:\/\/yinyangdelaforet.fr\/wp-content\/uploads\/2025\/09\/368e19c8-dd3d-4b65-b7ac-53a217f4efa4.mov\"><\/video><\/figure>\n\n\n\n<p><\/p>\n\n\n\n<h3 class=\"wp-block-heading\">Flamme Olympique<\/h3>\n\n\n\n<p>L&rsquo;association <strong>Yin Yang de la For\u00eat<\/strong> \u00e9tait pr\u00e9sente sur le <strong>passage de la flamme olympique<\/strong>, le vendredi 19 juillet 2024.<\/p>\n\n\n\n<div style=\"height:19px\" aria-hidden=\"true\" class=\"wp-block-spacer\"><\/div>\n\n\n\n<p><strong>Animation sur stand<\/strong> <\/p>\n\n\n\n<figure class=\"wp-block-image size-large\"><img decoding=\"async\" loading=\"lazy\" width=\"1024\" height=\"767\" src=\"https:\/\/yinyangdelaforet.fr\/wp-content\/uploads\/2024\/07\/c647737a-6115-4d5d-9d2b-2e5123cfb42b-1024x767.jpg\" alt=\"\" class=\"wp-image-1154\" srcset=\"https:\/\/yinyangdelaforet.fr\/wp-content\/uploads\/2024\/07\/c647737a-6115-4d5d-9d2b-2e5123cfb42b-1024x767.jpg 1024w, https:\/\/yinyangdelaforet.fr\/wp-content\/uploads\/2024\/07\/c647737a-6115-4d5d-9d2b-2e5123cfb42b-300x225.jpg 300w, https:\/\/yinyangdelaforet.fr\/wp-content\/uploads\/2024\/07\/c647737a-6115-4d5d-9d2b-2e5123cfb42b-768x576.jpg 768w, https:\/\/yinyangdelaforet.fr\/wp-content\/uploads\/2024\/07\/c647737a-6115-4d5d-9d2b-2e5123cfb42b-1536x1151.jpg 1536w, https:\/\/yinyangdelaforet.fr\/wp-content\/uploads\/2024\/07\/c647737a-6115-4d5d-9d2b-2e5123cfb42b-1568x1175.jpg 1568w, https:\/\/yinyangdelaforet.fr\/wp-content\/uploads\/2024\/07\/c647737a-6115-4d5d-9d2b-2e5123cfb42b.jpg 1600w\" sizes=\"(max-width: 1024px) 100vw, 1024px\" \/><figcaption class=\"wp-element-caption\">Pr\u00e9sentation sur la sc\u00e8ne<\/figcaption><\/figure>\n\n\n\n<p>et <strong>pr\u00e9sentation sur la sc\u00e8ne pr\u00e8s du Ch\u00e2teau de la Chasse<\/strong><\/p>\n\n\n\n<figure class=\"wp-block-image size-large\"><img decoding=\"async\" loading=\"lazy\" width=\"1024\" height=\"923\" src=\"https:\/\/yinyangdelaforet.fr\/wp-content\/uploads\/2024\/07\/Equipe-flamme-1-1024x923.jpg\" alt=\"\" class=\"wp-image-1138\" srcset=\"https:\/\/yinyangdelaforet.fr\/wp-content\/uploads\/2024\/07\/Equipe-flamme-1-1024x923.jpg 1024w, https:\/\/yinyangdelaforet.fr\/wp-content\/uploads\/2024\/07\/Equipe-flamme-1-300x270.jpg 300w, https:\/\/yinyangdelaforet.fr\/wp-content\/uploads\/2024\/07\/Equipe-flamme-1-768x692.jpg 768w, https:\/\/yinyangdelaforet.fr\/wp-content\/uploads\/2024\/07\/Equipe-flamme-1-1536x1384.jpg 1536w, https:\/\/yinyangdelaforet.fr\/wp-content\/uploads\/2024\/07\/Equipe-flamme-1-2048x1846.jpg 2048w, https:\/\/yinyangdelaforet.fr\/wp-content\/uploads\/2024\/07\/Equipe-flamme-1-1568x1413.jpg 1568w\" sizes=\"(max-width: 1024px) 100vw, 1024px\" \/><figcaption class=\"wp-element-caption\">Les pratiquants de l&rsquo;association Yin Yang de La For\u00eat pr\u00e9sents ce jour<\/figcaption><\/figure>\n","protected":false},"excerpt":{"rendered":"<p>Saison 2025-2026 Cours d&rsquo;essai Nous contacter : yinyangdelaforet@gmail.com. Tel 07 83 77 66 76 Pr\u00e9sentation Bienvenue sur le site de notre association, Yin Yang de La For\u00eat, 95 Saint Prix. Accessible \u00e0 tous, le ta\u00efchi, art martial chinois interne, \u00ab m\u00e9ditation en mouvement\u00bb, favorise la pr\u00e9sence, l&rsquo;\u00e9quilibre et la s\u00e9r\u00e9nit\u00e9. Sa pratique conjugue d\u00e9tente et &hellip; <\/p>\n<p class=\"link-more\"><a href=\"https:\/\/yinyangdelaforet.fr\/\" class=\"more-link\">Continuer la lecture <span class=\"screen-reader-text\"> \u00ab\u00a0Accueil\u00a0\u00bb<\/span><\/a><\/p>\n","protected":false},"author":1,"featured_media":0,"parent":0,"menu_order":0,"comment_status":"closed","ping_status":"closed","template":"","meta":{"footnotes":""},"yoast_head":"<!-- This site is optimized with the Yoast SEO plugin v16.2 - https:\/\/yoast.com\/wordpress\/plugins\/seo\/ -->\n<title>Accueil - YIN YANG DE LA FORET<\/title>\n<meta name=\"robots\" content=\"index, follow, max-snippet:-1, max-image-preview:large, max-video-preview:-1\" \/>\n<link rel=\"canonical\" href=\"https:\/\/yinyangdelaforet.fr\/\" \/>\n<meta property=\"og:locale\" content=\"fr_FR\" \/>\n<meta property=\"og:type\" content=\"article\" \/>\n<meta property=\"og:title\" content=\"Accueil - YIN YANG DE LA FORET\" \/>\n<meta property=\"og:description\" content=\"Saison 2025-2026 Cours d&rsquo;essai Nous contacter : yinyangdelaforet@gmail.com. Tel 07 83 77 66 76 Pr\u00e9sentation Bienvenue sur le site de notre association, Yin Yang de La For\u00eat, 95 Saint Prix. Accessible \u00e0 tous, le ta\u00efchi, art martial chinois interne, \u00ab m\u00e9ditation en mouvement\u00bb, favorise la pr\u00e9sence, l&rsquo;\u00e9quilibre et la s\u00e9r\u00e9nit\u00e9. Sa pratique conjugue d\u00e9tente et &hellip; Continuer la lecture \u00ab\u00a0Accueil\u00a0\u00bb\" \/>\n<meta property=\"og:url\" content=\"https:\/\/yinyangdelaforet.fr\/\" \/>\n<meta property=\"og:site_name\" content=\"YIN YANG DE LA FORET\" \/>\n<meta property=\"article:modified_time\" content=\"2025-10-07T15:44:37+00:00\" \/>\n<meta property=\"og:image\" content=\"https:\/\/yinyangdelaforet.fr\/wp-content\/uploads\/2022\/08\/JUIN-2022-Pratique-en-foret-La-grue-blanche-1024x768.jpg\" \/>\n<meta name=\"twitter:card\" content=\"summary_large_image\" \/>\n<meta name=\"twitter:label1\" content=\"Dur\u00e9e de lecture est.\">\n\t<meta name=\"twitter:data1\" content=\"3 minutes\">\n<script type=\"application\/ld+json\" class=\"yoast-schema-graph\">{\"@context\":\"https:\/\/schema.org\",\"@graph\":[{\"@type\":\"Organization\",\"@id\":\"https:\/\/yinyangdelaforet.fr\/#organization\",\"name\":\"Association Yin Yang de la For\\u00eat\",\"url\":\"https:\/\/yinyangdelaforet.fr\/\",\"sameAs\":[],\"logo\":{\"@type\":\"ImageObject\",\"@id\":\"https:\/\/yinyangdelaforet.fr\/#logo\",\"inLanguage\":\"fr-FR\",\"url\":\"https:\/\/yinyangdelaforet.fr\/wp-content\/uploads\/2020\/06\/YinYangC-3-scaled.jpg\",\"contentUrl\":\"https:\/\/yinyangdelaforet.fr\/wp-content\/uploads\/2020\/06\/YinYangC-3-scaled.jpg\",\"width\":2560,\"height\":2560,\"caption\":\"Association Yin Yang de la For\\u00eat\"},\"image\":{\"@id\":\"https:\/\/yinyangdelaforet.fr\/#logo\"}},{\"@type\":\"WebSite\",\"@id\":\"https:\/\/yinyangdelaforet.fr\/#website\",\"url\":\"https:\/\/yinyangdelaforet.fr\/\",\"name\":\"YIN YANG DE LA FORET\",\"description\":\"Ta\\u00efchi \\u00e0 Saint Prix\",\"publisher\":{\"@id\":\"https:\/\/yinyangdelaforet.fr\/#organization\"},\"potentialAction\":[{\"@type\":\"SearchAction\",\"target\":\"https:\/\/yinyangdelaforet.fr\/?s={search_term_string}\",\"query-input\":\"required name=search_term_string\"}],\"inLanguage\":\"fr-FR\"},{\"@type\":\"ImageObject\",\"@id\":\"https:\/\/yinyangdelaforet.fr\/#primaryimage\",\"inLanguage\":\"fr-FR\",\"url\":\"https:\/\/yinyangdelaforet.fr\/wp-content\/uploads\/2022\/08\/JUIN-2022-Pratique-en-foret-La-grue-blanche-scaled.jpg\",\"contentUrl\":\"https:\/\/yinyangdelaforet.fr\/wp-content\/uploads\/2022\/08\/JUIN-2022-Pratique-en-foret-La-grue-blanche-scaled.jpg\",\"width\":2560,\"height\":1920},{\"@type\":\"WebPage\",\"@id\":\"https:\/\/yinyangdelaforet.fr\/#webpage\",\"url\":\"https:\/\/yinyangdelaforet.fr\/\",\"name\":\"Accueil - YIN YANG DE LA FORET\",\"isPartOf\":{\"@id\":\"https:\/\/yinyangdelaforet.fr\/#website\"},\"primaryImageOfPage\":{\"@id\":\"https:\/\/yinyangdelaforet.fr\/#primaryimage\"},\"datePublished\":\"2020-06-17T19:15:20+00:00\",\"dateModified\":\"2025-10-07T15:44:37+00:00\",\"breadcrumb\":{\"@id\":\"https:\/\/yinyangdelaforet.fr\/#breadcrumb\"},\"inLanguage\":\"fr-FR\",\"potentialAction\":[{\"@type\":\"ReadAction\",\"target\":[\"https:\/\/yinyangdelaforet.fr\/\"]}]},{\"@type\":\"BreadcrumbList\",\"@id\":\"https:\/\/yinyangdelaforet.fr\/#breadcrumb\",\"itemListElement\":[{\"@type\":\"ListItem\",\"position\":1,\"item\":{\"@type\":\"WebPage\",\"@id\":\"https:\/\/yinyangdelaforet.fr\/\",\"url\":\"https:\/\/yinyangdelaforet.fr\/\",\"name\":\"Accueil\"}},{\"@type\":\"ListItem\",\"position\":2,\"item\":{\"@id\":\"https:\/\/yinyangdelaforet.fr\/#webpage\"}}]}]}<\/script>\n<!-- \/ Yoast SEO plugin. -->","_links":{"self":[{"href":"https:\/\/yinyangdelaforet.fr\/index.php?rest_route=\/wp\/v2\/pages\/2"}],"collection":[{"href":"https:\/\/yinyangdelaforet.fr\/index.php?rest_route=\/wp\/v2\/pages"}],"about":[{"href":"https:\/\/yinyangdelaforet.fr\/index.php?rest_route=\/wp\/v2\/types\/page"}],"author":[{"embeddable":true,"href":"https:\/\/yinyangdelaforet.fr\/index.php?rest_route=\/wp\/v2\/users\/1"}],"replies":[{"embeddable":true,"href":"https:\/\/yinyangdelaforet.fr\/index.php?rest_route=%2Fwp%2Fv2%2Fcomments&post=2"}],"version-history":[{"count":81,"href":"https:\/\/yinyangdelaforet.fr\/index.php?rest_route=\/wp\/v2\/pages\/2\/revisions"}],"predecessor-version":[{"id":1254,"href":"https:\/\/yinyangdelaforet.fr\/index.php?rest_route=\/wp\/v2\/pages\/2\/revisions\/1254"}],"wp:attachment":[{"href":"https:\/\/yinyangdelaforet.fr\/index.php?rest_route=%2Fwp%2Fv2%2Fmedia&parent=2"}],"curies":[{"name":"wp","href":"https:\/\/api.w.org\/{rel}","templated":true}]}}