{"id":182,"date":"2020-07-18T12:55:41","date_gmt":"2020-07-18T10:55:41","guid":{"rendered":"http:\/\/yinyangdelaforet.fr\/?page_id=182"},"modified":"2025-09-01T13:53:49","modified_gmt":"2025-09-01T11:53:49","slug":"organisation","status":"publish","type":"page","link":"https:\/\/yinyangdelaforet.fr\/?page_id=182","title":{"rendered":"Organisation"},"content":{"rendered":"\n<p>Les cours ont lieu \u00e0 Saint Prix, 29 rue Pasteur, Complexe sportif Christian Dufresne*. <br>Dur\u00e9e des s\u00e9ances : 1 h 30 \u00e0 2 h<br>Les pratiquants peuvent travailler en groupe entier et\/ou en atelier par niveau ou th\u00e8me, sous la conduite des enseignants.<\/p>\n\n\n\n<p>*<em><span style=\"background-color:rgba(0, 0, 0, 0)\" class=\"has-inline-color has-primary-color\">Si n\u00e9cessaire, les cours se d\u00e9roulent en ext\u00e9rieur (terrains du Complexe sportif, for\u00eat de Saint Prix).<\/span><\/em><\/p>\n\n\n\n<div style=\"height:50px\" aria-hidden=\"true\" class=\"wp-block-spacer\"><\/div>\n\n\n\n<figure class=\"wp-block-image size-large is-resized\"><img decoding=\"async\" loading=\"lazy\" width=\"723\" height=\"1024\" src=\"https:\/\/yinyangdelaforet.fr\/wp-content\/uploads\/2023\/09\/AfficheA4-YYDF-Sept-2023-2-723x1024.jpg\" alt=\"\" class=\"wp-image-1117\" style=\"width:323px;height:457px\" srcset=\"https:\/\/yinyangdelaforet.fr\/wp-content\/uploads\/2023\/09\/AfficheA4-YYDF-Sept-2023-2-723x1024.jpg 723w, https:\/\/yinyangdelaforet.fr\/wp-content\/uploads\/2023\/09\/AfficheA4-YYDF-Sept-2023-2-212x300.jpg 212w, https:\/\/yinyangdelaforet.fr\/wp-content\/uploads\/2023\/09\/AfficheA4-YYDF-Sept-2023-2-768x1087.jpg 768w, https:\/\/yinyangdelaforet.fr\/wp-content\/uploads\/2023\/09\/AfficheA4-YYDF-Sept-2023-2.jpg 868w\" sizes=\"(max-width: 723px) 100vw, 723px\" \/><\/figure>\n\n\n\n<blockquote class=\"wp-block-quote\">\n<p><strong><span style=\"text-decoration: underline;\">Informations<\/span><\/strong> <\/p>\n\n\n\n<p>Reprise des cours : le <strong>lundi 8 septembre 2025,  \u00e0 9h<\/strong>.<\/p>\n\n\n\n<p><strong>Cours d\u00e9butants<\/strong> : le mercredi soir (20h)<\/p>\n\n\n\n<p> <strong>Cours d&rsquo;essai (gratuit) en septembre : <\/strong><\/p>\n\n\n\n<p>les mercredis 10, 17 et 24  \u00e0 20h. Pour un cours d&rsquo;essai, merci de vous inscrire  au pr\u00e9alable. <\/p>\n<cite>Contact : yinyangdelaforet@gmail.com \/ 07 83 77 66 76<\/cite><\/blockquote>\n\n\n\n<div style=\"height:50px\" aria-hidden=\"true\" class=\"wp-block-spacer\"><\/div>\n\n\n<div class=\"wp-block-image is-style-default\">\n<figure class=\"alignleft size-large\"><img decoding=\"async\" loading=\"lazy\" width=\"1024\" height=\"768\" src=\"https:\/\/yinyangdelaforet.fr\/wp-content\/uploads\/2020\/07\/462ACEE6-C08C-4395-84A8-F1D5CCB6FD5B-1024x768.jpeg\" alt=\"\" class=\"wp-image-185\" srcset=\"https:\/\/yinyangdelaforet.fr\/wp-content\/uploads\/2020\/07\/462ACEE6-C08C-4395-84A8-F1D5CCB6FD5B-1024x768.jpeg 1024w, https:\/\/yinyangdelaforet.fr\/wp-content\/uploads\/2020\/07\/462ACEE6-C08C-4395-84A8-F1D5CCB6FD5B-300x225.jpeg 300w, https:\/\/yinyangdelaforet.fr\/wp-content\/uploads\/2020\/07\/462ACEE6-C08C-4395-84A8-F1D5CCB6FD5B-768x576.jpeg 768w, https:\/\/yinyangdelaforet.fr\/wp-content\/uploads\/2020\/07\/462ACEE6-C08C-4395-84A8-F1D5CCB6FD5B-1536x1152.jpeg 1536w, https:\/\/yinyangdelaforet.fr\/wp-content\/uploads\/2020\/07\/462ACEE6-C08C-4395-84A8-F1D5CCB6FD5B-2048x1536.jpeg 2048w, https:\/\/yinyangdelaforet.fr\/wp-content\/uploads\/2020\/07\/462ACEE6-C08C-4395-84A8-F1D5CCB6FD5B-1568x1176.jpeg 1568w\" sizes=\"(max-width: 1024px) 100vw, 1024px\" \/><figcaption class=\"wp-element-caption\"><mark style=\"background-color:rgba(0, 0, 0, 0)\" class=\"has-inline-color has-primary-color\">Complexe sportif Christian Dufresne<\/mark><\/figcaption><\/figure><\/div>\n\n\n<p><br><\/p>\n\n\n\n<p><\/p>\n\n\n\n<div style=\"height:50px\" aria-hidden=\"true\" class=\"wp-block-spacer\"><\/div>\n\n\n\n<h4 class=\"wp-block-heading\"><strong>Les horaires<\/strong><br><\/h4>\n\n\n\n<p><strong>Lundi : 9h \u00e0 10h30 ou 11h<\/strong> (selon les groupes)<\/p>\n\n\n\n<p><strong>Mercredi : <strong>20h<\/strong><\/strong> <strong>\u00e0 21h30.<\/strong><\/p>\n\n\n\n<p><strong>Samedi :<\/strong> <strong>9h \u00e0 10h30 ou 11h<\/strong> (selon les groupes)<\/p>\n\n\n\n<div style=\"height:20px\" aria-hidden=\"true\" class=\"wp-block-spacer\"><\/div>\n\n\n\n<h4 class=\"wp-block-heading\"><strong>Le calendrier<\/strong> <\/h4>\n\n\n\n<p><strong>Les cours sont suspendus<\/strong> :<\/p>\n\n\n\n<ul>\n<li>les jours f\u00e9ri\u00e9s,<\/li>\n\n\n\n<li>pendant les vacances scolaires (tableau ci-dessous)<\/li>\n\n\n\n<li>une ou deux semaines indiqu\u00e9es en d\u00e9but de saison.<\/li>\n<\/ul>\n\n\n\n<figure class=\"wp-block-image size-large\"><img decoding=\"async\" loading=\"lazy\" width=\"1005\" height=\"1024\" src=\"https:\/\/yinyangdelaforet.fr\/wp-content\/uploads\/2025\/06\/Vacances-202526-1005x1024.jpg\" alt=\"\" class=\"wp-image-1218\" srcset=\"https:\/\/yinyangdelaforet.fr\/wp-content\/uploads\/2025\/06\/Vacances-202526-1005x1024.jpg 1005w, https:\/\/yinyangdelaforet.fr\/wp-content\/uploads\/2025\/06\/Vacances-202526-295x300.jpg 295w, https:\/\/yinyangdelaforet.fr\/wp-content\/uploads\/2025\/06\/Vacances-202526-768x782.jpg 768w, https:\/\/yinyangdelaforet.fr\/wp-content\/uploads\/2025\/06\/Vacances-202526-1508x1536.jpg 1508w, https:\/\/yinyangdelaforet.fr\/wp-content\/uploads\/2025\/06\/Vacances-202526-2011x2048.jpg 2011w, https:\/\/yinyangdelaforet.fr\/wp-content\/uploads\/2025\/06\/Vacances-202526-1568x1597.jpg 1568w\" sizes=\"(max-width: 1005px) 100vw, 1005px\" \/><\/figure>\n\n\n\n<h4 class=\"wp-block-heading\"><br> <br><strong>4 groupes r\u00e9partis ainsi :  <\/strong><\/h4>\n\n\n\n<ul>\n<li>premi\u00e8re partie de la forme <\/li>\n\n\n\n<li>deuxi\u00e8me partie de la forme<\/li>\n\n\n\n<li>troisi\u00e8me partie de la forme et d\u00e9couverte d&rsquo;autres pratiques (pouss\u00e9e des mains, armes&#8230;)<\/li>\n\n\n\n<li>approfondissement <\/li>\n<\/ul>\n\n\n\n<p>Groupe 1 \u00e0 3 : d\u00e9couverte progressive de la forme (108 mouvements, <strong>trois parties<\/strong> : Terre, Homme, Ciel), tout en d\u00e9veloppant l\u00e9g\u00e8ret\u00e9, d\u00e9tente, enracinement, concentration.<\/p>\n\n\n\n<p>Groupe \u00ab\u00a0approfondissement\u00a0\u00bb : perfectionnement  des mouvements de la forme, d\u00e9couverte des principes internes, applications martiales, tuishou (pouss\u00e9e des mains), pratique du sabre, de l\u2019\u00e9p\u00e9e,  &#8230;<\/p>\n\n\n\n<p><strong>Chaque cours cible<\/strong> <strong>un de ces 4 niveaux.<\/strong><\/p>\n\n\n\n<p>Le cursus se fait dans l\u2019ordre, chacun \u00e0 son rythme d\u2019acquisition (selon son implication, ses dispositions, ses disponibilit\u00e9s). <\/p>\n\n\n\n<p>La pratique est un \u00e9ternel retour. C\u2019est comme un texte que l\u2019on m\u00e9dite ou une partition que l\u2019on interpr\u00e8te. Ainsi un pratiquant peut suivre avec int\u00e9r\u00eat tous les niveaux ant\u00e9rieurs \u00e0 son niveau. <\/p>\n\n\n\n<p><strong>Cette offre permet \u00e0 chacun de trouver son parcours<\/strong> sur l\u2019ann\u00e9e en cours et les ann\u00e9es suivantes.<\/p>\n\n\n\n<p><\/p>\n\n\n\n<p><\/p>\n\n\n\n<h4 class=\"wp-block-heading\">Salle :<br><\/h4>\n\n\n<div class=\"wp-block-image is-style-default\">\n<figure class=\"aligncenter size-large\"><img decoding=\"async\" loading=\"lazy\" width=\"768\" height=\"1024\" src=\"https:\/\/yinyangdelaforet.fr\/wp-content\/uploads\/2020\/07\/082DD4FF-9950-4E2F-99C6-A0C2452C2910-768x1024.jpeg\" alt=\"\" class=\"wp-image-187\" srcset=\"https:\/\/yinyangdelaforet.fr\/wp-content\/uploads\/2020\/07\/082DD4FF-9950-4E2F-99C6-A0C2452C2910-768x1024.jpeg 768w, https:\/\/yinyangdelaforet.fr\/wp-content\/uploads\/2020\/07\/082DD4FF-9950-4E2F-99C6-A0C2452C2910-225x300.jpeg 225w, https:\/\/yinyangdelaforet.fr\/wp-content\/uploads\/2020\/07\/082DD4FF-9950-4E2F-99C6-A0C2452C2910-1152x1536.jpeg 1152w, https:\/\/yinyangdelaforet.fr\/wp-content\/uploads\/2020\/07\/082DD4FF-9950-4E2F-99C6-A0C2452C2910-1536x2048.jpeg 1536w, https:\/\/yinyangdelaforet.fr\/wp-content\/uploads\/2020\/07\/082DD4FF-9950-4E2F-99C6-A0C2452C2910-1568x2091.jpeg 1568w, https:\/\/yinyangdelaforet.fr\/wp-content\/uploads\/2020\/07\/082DD4FF-9950-4E2F-99C6-A0C2452C2910-scaled.jpeg 1920w\" sizes=\"(max-width: 768px) 100vw, 768px\" \/><figcaption class=\"wp-element-caption\">La salle de danse o\u00f9 nous pratiquons<\/figcaption><\/figure><\/div>\n\n\n<h4 class=\"wp-block-heading\"><strong>Tenue :<\/strong><\/h4>\n\n\n\n<p>Pour les premi\u00e8res ann\u00e9es : v\u00eatements de sports l\u00e9gers, noirs, gris ou blanc.<br>Pour les anciens : tenue traditionnelle.<br>Obligatoirement des chaussons ou tennis l\u00e9g\u00e8res r\u00e9serv\u00e9s \u00e0 la pratique en salle.<\/p>\n\n\n<div class=\"wp-block-image\">\n<figure class=\"aligncenter size-large is-resized\"><img decoding=\"async\" loading=\"lazy\" width=\"159\" height=\"159\" src=\"https:\/\/yinyangdelaforet.fr\/wp-content\/uploads\/2020\/07\/chausson-de-gym.png\" alt=\"\" class=\"wp-image-222\" style=\"width:174px;height:174px\" srcset=\"https:\/\/yinyangdelaforet.fr\/wp-content\/uploads\/2020\/07\/chausson-de-gym.png 159w, https:\/\/yinyangdelaforet.fr\/wp-content\/uploads\/2020\/07\/chausson-de-gym-150x150.png 150w\" sizes=\"(max-width: 159px) 100vw, 159px\" \/><figcaption class=\"wp-element-caption\"><mark style=\"background-color:rgba(0, 0, 0, 0)\" class=\"has-inline-color has-primary-color\"><strong>Chaussons de gym<\/strong><\/mark><\/figcaption><\/figure><\/div>\n\n\n<h4 class=\"wp-block-heading\">Consignes sanitaires \/ adaptation des cours en cas de pand\u00e9mie<\/h4>\n\n\n\n<p>Le bien-\u00eatre et la s\u00e9curit\u00e9 de nos adh\u00e9rents sont nos priorit\u00e9s dans la conduite quotidienne des cours. <\/p>\n\n\n\n<p>Aussi en situation de risque comme celle du covid-19 sommes-nous encore plus vigilants :<\/p>\n\n\n\n<ul>\n<li>application des gestes barri\u00e8res<\/li>\n\n\n\n<li>respect des consignes du Minist\u00e8re des Sports<\/li>\n\n\n\n<li>suivi des pr\u00e9conisations de notre f\u00e9d\u00e9ration (FFAEMC)<\/li>\n<\/ul>\n\n\n\n<p>Si une telle situation se pr\u00e9sentait \u00e0 nouveau, nous nous adapterions comme nous l&rsquo;avons d\u00e9j\u00e0 fait en 2020\/21 : <\/p>\n\n\n<div class=\"wp-block-image\">\n<figure class=\"aligncenter size-medium is-resized\"><img decoding=\"async\" loading=\"lazy\" width=\"225\" height=\"300\" src=\"https:\/\/yinyangdelaforet.fr\/wp-content\/uploads\/2020\/06\/1B1E219A-621A-462A-AD15-5FFFB03F9C6D-225x300.jpeg\" alt=\"\" class=\"wp-image-158\" style=\"width:230px;height:307px\" srcset=\"https:\/\/yinyangdelaforet.fr\/wp-content\/uploads\/2020\/06\/1B1E219A-621A-462A-AD15-5FFFB03F9C6D-225x300.jpeg 225w, https:\/\/yinyangdelaforet.fr\/wp-content\/uploads\/2020\/06\/1B1E219A-621A-462A-AD15-5FFFB03F9C6D-768x1024.jpeg 768w, https:\/\/yinyangdelaforet.fr\/wp-content\/uploads\/2020\/06\/1B1E219A-621A-462A-AD15-5FFFB03F9C6D-1152x1536.jpeg 1152w, https:\/\/yinyangdelaforet.fr\/wp-content\/uploads\/2020\/06\/1B1E219A-621A-462A-AD15-5FFFB03F9C6D.jpeg 1537w\" sizes=\"(max-width: 225px) 100vw, 225px\" \/><figcaption class=\"wp-element-caption\">Cours en Visio pendant le confinement <\/figcaption><\/figure><\/div>\n\n<div class=\"wp-block-image\">\n<figure class=\"aligncenter size-medium\"><img decoding=\"async\" loading=\"lazy\" width=\"300\" height=\"252\" src=\"https:\/\/yinyangdelaforet.fr\/wp-content\/uploads\/2020\/08\/32DD8B5D-1DF4-4510-8FC5-9417A6CBFACE-300x252.jpeg\" alt=\"\" class=\"wp-image-383\" srcset=\"https:\/\/yinyangdelaforet.fr\/wp-content\/uploads\/2020\/08\/32DD8B5D-1DF4-4510-8FC5-9417A6CBFACE-300x252.jpeg 300w, https:\/\/yinyangdelaforet.fr\/wp-content\/uploads\/2020\/08\/32DD8B5D-1DF4-4510-8FC5-9417A6CBFACE-1024x859.jpeg 1024w, https:\/\/yinyangdelaforet.fr\/wp-content\/uploads\/2020\/08\/32DD8B5D-1DF4-4510-8FC5-9417A6CBFACE-768x644.jpeg 768w, https:\/\/yinyangdelaforet.fr\/wp-content\/uploads\/2020\/08\/32DD8B5D-1DF4-4510-8FC5-9417A6CBFACE-1536x1288.jpeg 1536w, https:\/\/yinyangdelaforet.fr\/wp-content\/uploads\/2020\/08\/32DD8B5D-1DF4-4510-8FC5-9417A6CBFACE-1568x1315.jpeg 1568w, https:\/\/yinyangdelaforet.fr\/wp-content\/uploads\/2020\/08\/32DD8B5D-1DF4-4510-8FC5-9417A6CBFACE.jpeg 2048w\" sizes=\"(max-width: 300px) 100vw, 300px\" \/><figcaption class=\"wp-element-caption\">Cours en for\u00eat masqu\u00e9s et \u00e0 distance, phase 1 du d\u00e9confinement <\/figcaption><\/figure><\/div>\n\n\n<div style=\"height:50px\" aria-hidden=\"true\" class=\"wp-block-spacer\"><\/div>\n\n\n\n<hr class=\"wp-block-separator has-css-opacity\"\/>\n\n\n\n<p><strong>Contact<\/strong>    t\u00e9l: 07 83 77 66 76<br>                 mail: yinyangdelaforet@gmail.com<\/p>\n\n\n\n<p><\/p>\n","protected":false},"excerpt":{"rendered":"<p>Les cours ont lieu \u00e0 Saint Prix, 29 rue Pasteur, Complexe sportif Christian Dufresne*. Dur\u00e9e des s\u00e9ances : 1 h 30 \u00e0 2 hLes pratiquants peuvent travailler en groupe entier et\/ou en atelier par niveau ou th\u00e8me, sous la conduite des enseignants. *Si n\u00e9cessaire, les cours se d\u00e9roulent en ext\u00e9rieur (terrains du Complexe sportif, for\u00eat &hellip; <\/p>\n<p class=\"link-more\"><a href=\"https:\/\/yinyangdelaforet.fr\/?page_id=182\" class=\"more-link\">Continuer la lecture <span class=\"screen-reader-text\"> \u00ab\u00a0Organisation\u00a0\u00bb<\/span><\/a><\/p>\n","protected":false},"author":1,"featured_media":0,"parent":0,"menu_order":0,"comment_status":"closed","ping_status":"closed","template":"","meta":{"footnotes":""},"yoast_head":"<!-- This site is optimized with the Yoast SEO plugin v16.2 - https:\/\/yoast.com\/wordpress\/plugins\/seo\/ -->\n<title>Organisation - YIN YANG DE LA FORET<\/title>\n<meta name=\"robots\" content=\"index, follow, max-snippet:-1, max-image-preview:large, max-video-preview:-1\" \/>\n<link rel=\"canonical\" href=\"https:\/\/yinyangdelaforet.fr\/?page_id=182\" \/>\n<meta property=\"og:locale\" content=\"fr_FR\" \/>\n<meta property=\"og:type\" content=\"article\" \/>\n<meta property=\"og:title\" content=\"Organisation - YIN YANG DE LA FORET\" \/>\n<meta property=\"og:description\" content=\"Les cours ont lieu \u00e0 Saint Prix, 29 rue Pasteur, Complexe sportif Christian Dufresne*. Dur\u00e9e des s\u00e9ances : 1 h 30 \u00e0 2 hLes pratiquants peuvent travailler en groupe entier et\/ou en atelier par niveau ou th\u00e8me, sous la conduite des enseignants. *Si n\u00e9cessaire, les cours se d\u00e9roulent en ext\u00e9rieur (terrains du Complexe sportif, for\u00eat &hellip; Continuer la lecture \u00ab\u00a0Organisation\u00a0\u00bb\" \/>\n<meta property=\"og:url\" content=\"https:\/\/yinyangdelaforet.fr\/?page_id=182\" \/>\n<meta property=\"og:site_name\" content=\"YIN YANG DE LA FORET\" \/>\n<meta property=\"article:modified_time\" content=\"2025-09-01T11:53:49+00:00\" \/>\n<meta property=\"og:image\" content=\"https:\/\/yinyangdelaforet.fr\/wp-content\/uploads\/2023\/09\/AfficheA4-YYDF-Sept-2023-2-723x1024.jpg\" \/>\n<meta name=\"twitter:card\" content=\"summary_large_image\" \/>\n<meta name=\"twitter:label1\" content=\"Dur\u00e9e de lecture est.\">\n\t<meta name=\"twitter:data1\" content=\"4 minutes\">\n<script type=\"application\/ld+json\" class=\"yoast-schema-graph\">{\"@context\":\"https:\/\/schema.org\",\"@graph\":[{\"@type\":\"Organization\",\"@id\":\"https:\/\/yinyangdelaforet.fr\/#organization\",\"name\":\"Association Yin Yang de la For\\u00eat\",\"url\":\"https:\/\/yinyangdelaforet.fr\/\",\"sameAs\":[],\"logo\":{\"@type\":\"ImageObject\",\"@id\":\"https:\/\/yinyangdelaforet.fr\/#logo\",\"inLanguage\":\"fr-FR\",\"url\":\"https:\/\/yinyangdelaforet.fr\/wp-content\/uploads\/2020\/06\/YinYangC-3-scaled.jpg\",\"contentUrl\":\"https:\/\/yinyangdelaforet.fr\/wp-content\/uploads\/2020\/06\/YinYangC-3-scaled.jpg\",\"width\":2560,\"height\":2560,\"caption\":\"Association Yin Yang de la For\\u00eat\"},\"image\":{\"@id\":\"https:\/\/yinyangdelaforet.fr\/#logo\"}},{\"@type\":\"WebSite\",\"@id\":\"https:\/\/yinyangdelaforet.fr\/#website\",\"url\":\"https:\/\/yinyangdelaforet.fr\/\",\"name\":\"YIN YANG DE LA FORET\",\"description\":\"Ta\\u00efchi \\u00e0 Saint Prix\",\"publisher\":{\"@id\":\"https:\/\/yinyangdelaforet.fr\/#organization\"},\"potentialAction\":[{\"@type\":\"SearchAction\",\"target\":\"https:\/\/yinyangdelaforet.fr\/?s={search_term_string}\",\"query-input\":\"required name=search_term_string\"}],\"inLanguage\":\"fr-FR\"},{\"@type\":\"ImageObject\",\"@id\":\"https:\/\/yinyangdelaforet.fr\/?page_id=182#primaryimage\",\"inLanguage\":\"fr-FR\",\"url\":\"https:\/\/yinyangdelaforet.fr\/wp-content\/uploads\/2023\/09\/AfficheA4-YYDF-Sept-2023-2.jpg\",\"contentUrl\":\"https:\/\/yinyangdelaforet.fr\/wp-content\/uploads\/2023\/09\/AfficheA4-YYDF-Sept-2023-2.jpg\",\"width\":868,\"height\":1229},{\"@type\":\"WebPage\",\"@id\":\"https:\/\/yinyangdelaforet.fr\/?page_id=182#webpage\",\"url\":\"https:\/\/yinyangdelaforet.fr\/?page_id=182\",\"name\":\"Organisation - YIN YANG DE LA FORET\",\"isPartOf\":{\"@id\":\"https:\/\/yinyangdelaforet.fr\/#website\"},\"primaryImageOfPage\":{\"@id\":\"https:\/\/yinyangdelaforet.fr\/?page_id=182#primaryimage\"},\"datePublished\":\"2020-07-18T10:55:41+00:00\",\"dateModified\":\"2025-09-01T11:53:49+00:00\",\"breadcrumb\":{\"@id\":\"https:\/\/yinyangdelaforet.fr\/?page_id=182#breadcrumb\"},\"inLanguage\":\"fr-FR\",\"potentialAction\":[{\"@type\":\"ReadAction\",\"target\":[\"https:\/\/yinyangdelaforet.fr\/?page_id=182\"]}]},{\"@type\":\"BreadcrumbList\",\"@id\":\"https:\/\/yinyangdelaforet.fr\/?page_id=182#breadcrumb\",\"itemListElement\":[{\"@type\":\"ListItem\",\"position\":1,\"item\":{\"@type\":\"WebPage\",\"@id\":\"https:\/\/yinyangdelaforet.fr\/\",\"url\":\"https:\/\/yinyangdelaforet.fr\/\",\"name\":\"Accueil\"}},{\"@type\":\"ListItem\",\"position\":2,\"item\":{\"@id\":\"https:\/\/yinyangdelaforet.fr\/?page_id=182#webpage\"}}]}]}<\/script>\n<!-- \/ Yoast SEO plugin. -->","_links":{"self":[{"href":"https:\/\/yinyangdelaforet.fr\/index.php?rest_route=\/wp\/v2\/pages\/182"}],"collection":[{"href":"https:\/\/yinyangdelaforet.fr\/index.php?rest_route=\/wp\/v2\/pages"}],"about":[{"href":"https:\/\/yinyangdelaforet.fr\/index.php?rest_route=\/wp\/v2\/types\/page"}],"author":[{"embeddable":true,"href":"https:\/\/yinyangdelaforet.fr\/index.php?rest_route=\/wp\/v2\/users\/1"}],"replies":[{"embeddable":true,"href":"https:\/\/yinyangdelaforet.fr\/index.php?rest_route=%2Fwp%2Fv2%2Fcomments&post=182"}],"version-history":[{"count":94,"href":"https:\/\/yinyangdelaforet.fr\/index.php?rest_route=\/wp\/v2\/pages\/182\/revisions"}],"predecessor-version":[{"id":1235,"href":"https:\/\/yinyangdelaforet.fr\/index.php?rest_route=\/wp\/v2\/pages\/182\/revisions\/1235"}],"wp:attachment":[{"href":"https:\/\/yinyangdelaforet.fr\/index.php?rest_route=%2Fwp%2Fv2%2Fmedia&parent=182"}],"curies":[{"name":"wp","href":"https:\/\/api.w.org\/{rel}","templated":true}]}}